{"id":120,"date":"2025-09-10T00:19:29","date_gmt":"2025-09-10T05:19:29","guid":{"rendered":"https:\/\/humanamentis.com\/?page_id=120"},"modified":"2025-11-18T20:21:40","modified_gmt":"2025-11-19T01:21:40","slug":"mision-y-vision","status":"publish","type":"page","link":"https:\/\/humanamentis.com\/?page_id=120","title":{"rendered":"Misi\u00f3n y Visi\u00f3n"},"content":{"rendered":"<p>[et_pb_section fb_built=\u00bb1&#8243; _builder_version=\u00bb4.17.4&#8243; _module_preset=\u00bbdefault\u00bb use_background_color_gradient=\u00bbon\u00bb background_color_gradient_stops=\u00bbrgba(169,113,75,0) 0%|rgba(0,0,0,0.43) 100%\u00bb background_color_gradient_start=\u00bbrgba(169,113,75,0)\u00bb background_color_gradient_end=\u00bbrgba(0,0,0,0.43)\u00bb background_enable_image=\u00bboff\u00bb parallax=\u00bbon\u00bb background_video_mp4=\u00bbhttps:\/\/humanamentis.com\/wp-content\/uploads\/2025\/11\/2796307-uhd_3840_2160_25fps-1.mp4&#8243; custom_padding=\u00bb72px||0||false|false\u00bb bottom_divider_height=\u00bb66px\u00bb animation_style=\u00bbfade\u00bb hover_enabled=\u00bb0&#8243; global_colors_info=\u00bb{}\u00bb title_text=\u00bb2796307-uhd_3840_2160_25fps\u00bb sticky_enabled=\u00bb0&#8243; min_height=\u00bb530px\u00bb][et_pb_row _builder_version=\u00bb4.16&#8243; _module_preset=\u00bbdefault\u00bb custom_padding=\u00bb27px|0px|34px|0px|false|false\u00bb global_colors_info=\u00bb{}\u00bb][et_pb_column type=\u00bb4_4&#8243; _builder_version=\u00bb4.16&#8243; _module_preset=\u00bbdefault\u00bb custom_padding=\u00bb|||\u00bb global_colors_info=\u00bb{}\u00bb custom_padding__hover=\u00bb|||\u00bb][et_pb_image src=\u00bbhttps:\/\/humanamentis.com\/wp-content\/uploads\/2025\/09\/WhatsApp_Image_2025-09-01_at_2.45.58_PM__4_-removebg-preview.png\u00bb title_text=\u00bbWhatsApp_Image_2025-09-01_at_2.45.58_PM__4_-removebg-preview\u00bb align=\u00bbcenter\u00bb _builder_version=\u00bb4.17.4&#8243; _module_preset=\u00bbdefault\u00bb width=\u00bb100%\u00bb global_colors_info=\u00bb{}\u00bb custom_padding=\u00bb||1px|||\u00bb][\/et_pb_image][\/et_pb_column][\/et_pb_row][\/et_pb_section][et_pb_section fb_built=\u00bb1&#8243; admin_label=\u00bbExclusive Feature Section\u00bb _builder_version=\u00bb4.16&#8243; _module_preset=\u00bbdefault\u00bb custom_padding=\u00bb0px||0px||true|false\u00bb global_colors_info=\u00bb{}\u00bb custom_margin=\u00bb-143px|||||\u00bb][et_pb_row column_structure=\u00bb1_2,1_2&#8243; use_custom_gutter=\u00bbon\u00bb gutter_width=\u00bb1&#8243; custom_padding_last_edited=\u00bbon|desktop\u00bb admin_label=\u00bbExclusive Feature Area\u00bb module_class=\u00bb et_pb_row_fullwidth\u00bb _builder_version=\u00bb4.17.4&#8243; _module_preset=\u00bbdefault\u00bb background_color_gradient_direction=\u00bb100deg\u00bb background_enable_image=\u00bboff\u00bb background_position=\u00bbtop_center\u00bb width=\u00bb100%\u00bb width_tablet=\u00bb100%\u00bb width_phone=\u00bb\u00bb width_last_edited=\u00bbon|desktop\u00bb max_width=\u00bb100%\u00bb max_width_tablet=\u00bb100%\u00bb max_width_phone=\u00bb\u00bb max_width_last_edited=\u00bbon|desktop\u00bb custom_margin=\u00bb146px|auto||auto||\u00bb custom_padding=\u00bb20px|97px|40px||false|false\u00bb custom_padding_tablet=\u00bb|5%||\u00bb custom_padding_phone=\u00bb|||\u00bb animation_style=\u00bbslide\u00bb animation_direction=\u00bbbottom\u00bb animation_delay=\u00bb400ms\u00bb box_shadow_style=\u00bbpreset7&#8243; box_shadow_horizontal=\u00bb0px\u00bb box_shadow_vertical=\u00bb-138px\u00bb box_shadow_color=\u00bb#ffffff\u00bb make_fullwidth=\u00bbon\u00bb global_colors_info=\u00bb{}\u00bb min_height=\u00bb518px\u00bb][et_pb_column type=\u00bb1_2&#8243; _builder_version=\u00bb4.16&#8243; _module_preset=\u00bbdefault\u00bb custom_padding=\u00bb|||\u00bb global_colors_info=\u00bb{}\u00bb custom_padding__hover=\u00bb|||\u00bb][et_pb_cta title=\u00bbVisi\u00f3n\u00bb button_url=\u00bb#\u00bb admin_label=\u00bb1&#8243; _builder_version=\u00bb4.17.4&#8243; _module_preset=\u00bbdefault\u00bb header_font=\u00bbPoppins|700|||||||\u00bb header_text_color=\u00bb#88cfe3&#8243; header_font_size=\u00bb30px\u00bb header_line_height=\u00bb1.3em\u00bb body_font=\u00bbPoppins||||||||\u00bb body_text_color=\u00bb#545248&#8243; body_font_size=\u00bb15px\u00bb body_line_height=\u00bb1.8em\u00bb background_color=\u00bb#ffffff\u00bb custom_button=\u00bbon\u00bb button_text_size=\u00bb15px\u00bb button_text_color=\u00bb#ffffff\u00bb button_bg_color=\u00bb#e8985e\u00bb button_border_width=\u00bb14px\u00bb button_border_color=\u00bb#e8985e\u00bb button_border_radius=\u00bb0px\u00bb button_letter_spacing=\u00bb2px\u00bb button_font=\u00bbPoppins|600||on|||||\u00bb button_icon=\u00bb&#x24;||divi||400&#8243; text_orientation=\u00bbleft\u00bb background_layout=\u00bblight\u00bb max_width=\u00bb600px\u00bb module_alignment=\u00bbright\u00bb custom_margin=\u00bb|||\u00bb custom_padding=\u00bb27px|60px|27px|60px|true|true\u00bb box_shadow_style=\u00bbpreset5&#8243; box_shadow_vertical=\u00bb10px\u00bb box_shadow_blur=\u00bb55px\u00bb box_shadow_spread=\u00bb0px\u00bb box_shadow_color=\u00bbrgba(0,0,0,0.07)\u00bb button_text_color_hover=\u00bb#ffffff\u00bb button_border_color_hover=\u00bb#3FA2F7 \u00bb button_bg_color_hover=\u00bb#3FA2F7 \u00bb global_colors_info=\u00bb{}\u00bb button_text_size__hover_enabled=\u00bboff\u00bb button_one_text_size__hover_enabled=\u00bboff\u00bb button_two_text_size__hover_enabled=\u00bboff\u00bb button_text_color__hover_enabled=\u00bbon\u00bb button_text_color__hover=\u00bb#ffffff\u00bb button_one_text_color__hover_enabled=\u00bboff\u00bb button_two_text_color__hover_enabled=\u00bboff\u00bb button_border_width__hover_enabled=\u00bboff\u00bb button_one_border_width__hover_enabled=\u00bboff\u00bb button_two_border_width__hover_enabled=\u00bboff\u00bb button_border_color__hover_enabled=\u00bbon\u00bb button_border_color__hover=\u00bb#a9714b\u00bb button_one_border_color__hover_enabled=\u00bboff\u00bb button_two_border_color__hover_enabled=\u00bboff\u00bb button_border_radius__hover_enabled=\u00bboff\u00bb button_one_border_radius__hover_enabled=\u00bboff\u00bb button_two_border_radius__hover_enabled=\u00bboff\u00bb button_letter_spacing__hover_enabled=\u00bboff\u00bb button_one_letter_spacing__hover_enabled=\u00bboff\u00bb button_two_letter_spacing__hover_enabled=\u00bboff\u00bb button_bg_color__hover_enabled=\u00bbon\u00bb button_bg_color__hover=\u00bb#a9714b\u00bb button_one_bg_color__hover_enabled=\u00bboff\u00bb button_two_bg_color__hover_enabled=\u00bboff\u00bb]<\/p>\n<p style=\"text-align: justify;\">\u00a0Ser un centro l\u00edder en salud mental que transforma vidas a trav\u00e9s de una atenci\u00f3n humananizada , inclusiva y basada en la ciencia. En Humanamentis, aspiramos a ser un espacio de confianza y apoyo donde cada persona encuentre el camino hacia su bienestar emocional, psicol\u00f3gico y fisico. Trabajamos para inspirar y empoderar a nuestra comunidad, promoviendo una cultura de salud mental que valore la empat\u00eda, la resiliencia y el desarrollo personal en cada etapa de la vida.<\/p>\n<p>[\/et_pb_cta][\/et_pb_column][et_pb_column type=\u00bb1_2&#8243; _builder_version=\u00bb4.16&#8243; _module_preset=\u00bbdefault\u00bb custom_padding=\u00bb|||\u00bb global_colors_info=\u00bb{}\u00bb custom_padding__hover=\u00bb|||\u00bb][et_pb_cta title=\u00bbMisi\u00f3n\u00bb button_url=\u00bb#\u00bb admin_label=\u00bb1&#8243; _builder_version=\u00bb4.17.4&#8243; _module_preset=\u00bbdefault\u00bb header_font=\u00bbPoppins|700|||||||\u00bb header_text_color=\u00bb#88cfe3&#8243; header_font_size=\u00bb30px\u00bb header_line_height=\u00bb1.3em\u00bb body_font=\u00bbPoppins||||||||\u00bb body_text_color=\u00bb#545248&#8243; body_font_size=\u00bb15px\u00bb body_line_height=\u00bb1.8em\u00bb background_color=\u00bb#ffffff\u00bb custom_button=\u00bbon\u00bb button_text_size=\u00bb15px\u00bb button_text_color=\u00bb#ffffff\u00bb button_bg_color=\u00bb#e8985e\u00bb button_border_width=\u00bb14px\u00bb button_border_color=\u00bb#e8985e\u00bb button_border_radius=\u00bb0px\u00bb button_letter_spacing=\u00bb2px\u00bb button_font=\u00bbPoppins|600||on|||||\u00bb button_icon=\u00bb&#x24;||divi||400&#8243; text_orientation=\u00bbleft\u00bb background_layout=\u00bblight\u00bb max_width=\u00bb600px\u00bb module_alignment=\u00bbright\u00bb custom_margin=\u00bb|||\u00bb custom_padding=\u00bb19px|60px|19px|60px|true|true\u00bb box_shadow_style=\u00bbpreset5&#8243; box_shadow_vertical=\u00bb10px\u00bb box_shadow_blur=\u00bb55px\u00bb box_shadow_spread=\u00bb0px\u00bb box_shadow_color=\u00bbrgba(0,0,0,0.07)\u00bb button_text_color_hover=\u00bb#ffffff\u00bb button_border_color_hover=\u00bb#3FA2F7 \u00bb button_bg_color_hover=\u00bb#3FA2F7 \u00bb global_colors_info=\u00bb{}\u00bb button_text_size__hover_enabled=\u00bboff\u00bb button_one_text_size__hover_enabled=\u00bboff\u00bb button_two_text_size__hover_enabled=\u00bboff\u00bb button_text_color__hover_enabled=\u00bbon\u00bb button_text_color__hover=\u00bb#ffffff\u00bb button_one_text_color__hover_enabled=\u00bboff\u00bb button_two_text_color__hover_enabled=\u00bboff\u00bb button_border_width__hover_enabled=\u00bboff\u00bb button_one_border_width__hover_enabled=\u00bboff\u00bb button_two_border_width__hover_enabled=\u00bboff\u00bb button_border_color__hover_enabled=\u00bbon\u00bb button_border_color__hover=\u00bb#a9714b\u00bb button_one_border_color__hover_enabled=\u00bboff\u00bb button_two_border_color__hover_enabled=\u00bboff\u00bb button_border_radius__hover_enabled=\u00bboff\u00bb button_one_border_radius__hover_enabled=\u00bboff\u00bb button_two_border_radius__hover_enabled=\u00bboff\u00bb button_letter_spacing__hover_enabled=\u00bboff\u00bb button_one_letter_spacing__hover_enabled=\u00bboff\u00bb button_two_letter_spacing__hover_enabled=\u00bboff\u00bb button_bg_color__hover_enabled=\u00bbon\u00bb button_bg_color__hover=\u00bb#a9714b\u00bb button_one_bg_color__hover_enabled=\u00bboff\u00bb button_two_bg_color__hover_enabled=\u00bboff\u00bb]<\/p>\n<p style=\"text-align: justify;\">En Humanamentis, nuestra misi\u00f3n es brindar atenci\u00f3n integral en salud mental que respete y valore la singularidad de cada persona. Nos comprometemos a ofrecer servicios accesibles, emp\u00e1ticos y de alta calidad, basados en el conocimiento cient\u00edfico y en pr\u00e1cticas multidisciplinarias.<\/p>\n<p style=\"text-align: justify;\">A trav\u00e9s de un enfoque colaborativo y centrado en el usuario, trabajamos para acompa\u00f1ar, orientar y fortalecer a cada individuo en su proceso de recuperaci\u00f3n y crecimiento personal, promoviendo una comunidad consciente y saludable en t\u00e9rminos mentales, emocionales y f\u00edsicos.<\/p>\n<p>[\/et_pb_cta][\/et_pb_column][\/et_pb_row][\/et_pb_section][et_pb_section fb_built=\u00bb1&#8243; admin_label=\u00bbReach Us Section\u00bb _builder_version=\u00bb4.17.4&#8243; _module_preset=\u00bbdefault\u00bb background_color=\u00bb#f9f5f3&#8243; use_background_color_gradient=\u00bbon\u00bb background_color_gradient_stops=\u00bbrgba(84,82,72,0.85) 0%|rgba(84,82,72,0.72) 100%\u00bb background_color_gradient_overlays_image=\u00bbon\u00bb background_color_gradient_start=\u00bbrgba(84,82,72,0.85)\u00bb background_color_gradient_end=\u00bbrgba(84,82,72,0.72)\u00bb background_enable_image=\u00bboff\u00bb custom_padding=\u00bb99px||90px||false|false\u00bb animation_style=\u00bbslide\u00bb animation_direction=\u00bbbottom\u00bb animation_delay=\u00bb400ms\u00bb global_module=\u00bb138&#8243; global_colors_info=\u00bb{}\u00bb][et_pb_row _builder_version=\u00bb4.16&#8243; _module_preset=\u00bbdefault\u00bb custom_padding=\u00bb27px|0px|30px|0px|false|false\u00bb animation_style=\u00bbfade\u00bb animation_delay=\u00bb400ms\u00bb global_colors_info=\u00bb{}\u00bb][et_pb_column type=\u00bb4_4&#8243; _builder_version=\u00bb4.16&#8243; _module_preset=\u00bbdefault\u00bb custom_padding=\u00bb|||\u00bb global_colors_info=\u00bb{}\u00bb custom_padding__hover=\u00bb|||\u00bb][et_pb_text _builder_version=\u00bb4.17.4&#8243; _module_preset=\u00bbdefault\u00bb text_text_color=\u00bb#88cfe3&#8243; header_font=\u00bbPoppins|800|||||||\u00bb header_text_color=\u00bb#88cfe3&#8243; header_2_font=\u00bb||||||||\u00bb header_2_font_size=\u00bb15px\u00bb custom_margin=\u00bb-24px|||\u00bb global_colors_info=\u00bb{}\u00bb]<\/p>\n<h1 style=\"text-align: center;\">CONTACTO<\/h1>\n<p>[\/et_pb_text][et_pb_divider divider_weight=\u00bb3px\u00bb _builder_version=\u00bb4.17.4&#8243; _module_preset=\u00bbdefault\u00bb max_width=\u00bb8%\u00bb module_alignment=\u00bbcenter\u00bb custom_margin=\u00bb-19px||3px|\u00bb global_colors_info=\u00bb{}\u00bb][\/et_pb_divider][\/et_pb_column][\/et_pb_row][et_pb_row column_structure=\u00bb1_3,1_3,1_3&#8243; _builder_version=\u00bb4.16&#8243; _module_preset=\u00bbdefault\u00bb custom_padding=\u00bb9px|0px|0|0px|false|false\u00bb global_colors_info=\u00bb{}\u00bb][et_pb_column type=\u00bb1_3&#8243; _builder_version=\u00bb4.16&#8243; _module_preset=\u00bbdefault\u00bb custom_padding=\u00bb|||\u00bb global_colors_info=\u00bb{}\u00bb custom_padding__hover=\u00bb|||\u00bb][et_pb_blurb title=\u00bbDirecci\u00f3n\u00bb use_icon=\u00bbon\u00bb font_icon=\u00bb&#xe081;||divi||400&#8243; icon_color=\u00bb#88cfe3&#8243; image_icon_width=\u00bb32px\u00bb admin_label=\u00bb1&#8243; _builder_version=\u00bb4.17.4&#8243; _module_preset=\u00bbdefault\u00bb header_font=\u00bbPoppins|700|||||||\u00bb header_text_color=\u00bb#ffffff\u00bb header_font_size=\u00bb20px\u00bb body_font=\u00bbPoppins||||||||\u00bb body_text_color=\u00bb#ffffff\u00bb body_font_size=\u00bb16px\u00bb body_line_height=\u00bb1.8em\u00bb background_color=\u00bbrgba(255,255,255,0)\u00bb text_orientation=\u00bbcenter\u00bb custom_padding=\u00bb60px|30px|60px|30px\u00bb icon_font_size=\u00bb32px\u00bb global_colors_info=\u00bb{}\u00bb background_color__hover=\u00bbrgba(255,255,255,0.13)\u00bb background__hover_enabled=\u00bbon\u00bb]<\/p>\n<p>Av Amazonas y Guayas<\/p>\n<p>Sector La Carolina<\/p>\n<p>[\/et_pb_blurb][\/et_pb_column][et_pb_column type=\u00bb1_3&#8243; _builder_version=\u00bb4.16&#8243; _module_preset=\u00bbdefault\u00bb custom_padding=\u00bb|||\u00bb global_colors_info=\u00bb{}\u00bb custom_padding__hover=\u00bb|||\u00bb][et_pb_blurb title=\u00bbTel\u00e9fonos\u00bb use_icon=\u00bbon\u00bb font_icon=\u00bb&#xe090;||divi||400&#8243; icon_color=\u00bb#88cfe3&#8243; image_icon_width=\u00bb32px\u00bb admin_label=\u00bb1&#8243; _builder_version=\u00bb4.17.4&#8243; _module_preset=\u00bbdefault\u00bb header_font=\u00bbPoppins|700|||||||\u00bb header_text_color=\u00bb#ffffff\u00bb header_font_size=\u00bb20px\u00bb body_font=\u00bbPoppins||||||||\u00bb body_text_color=\u00bb#ffffff\u00bb body_font_size=\u00bb16px\u00bb body_line_height=\u00bb1.8em\u00bb background_color=\u00bbrgba(255,255,255,0)\u00bb text_orientation=\u00bbcenter\u00bb custom_padding=\u00bb60px|30px|60px|30px\u00bb icon_font_size=\u00bb32px\u00bb global_colors_info=\u00bb{}\u00bb background__hover_enabled=\u00bbon\u00bb background_color__hover=\u00bbrgba(255,255,255,0.13)\u00bb]<\/p>\n<p>Fijo\u00a0 02 518 7739<\/p>\n<p>096-419-2038<\/p>\n<p>[\/et_pb_blurb][\/et_pb_column][et_pb_column type=\u00bb1_3&#8243; _builder_version=\u00bb4.16&#8243; _module_preset=\u00bbdefault\u00bb custom_padding=\u00bb|||\u00bb global_colors_info=\u00bb{}\u00bb custom_padding__hover=\u00bb|||\u00bb][et_pb_blurb title=\u00bbEmail\u00bb use_icon=\u00bbon\u00bb font_icon=\u00bb&#xe076;||divi||400&#8243; icon_color=\u00bb#88cfe3&#8243; image_icon_width=\u00bb32px\u00bb admin_label=\u00bb1&#8243; _builder_version=\u00bb4.17.4&#8243; _module_preset=\u00bbdefault\u00bb header_font=\u00bbPoppins|700|||||||\u00bb header_text_color=\u00bb#ffffff\u00bb header_font_size=\u00bb20px\u00bb body_font=\u00bbPoppins||||||||\u00bb body_text_color=\u00bb#ffffff\u00bb body_font_size=\u00bb16px\u00bb body_line_height=\u00bb1.8em\u00bb background_color=\u00bbrgba(255,255,255,0)\u00bb text_orientation=\u00bbcenter\u00bb custom_padding=\u00bb60px|30px|60px|30px\u00bb icon_font_size=\u00bb32px\u00bb global_colors_info=\u00bb{}\u00bb background_color__hover=\u00bbrgba(255,255,255,0.13)\u00bb background__hover_enabled=\u00bbon\u00bb]<\/p>\n<p><span style=\"color: #ffffff;\"><a href=\"https:\/\/web.archive.org\/web\/20241225194913\/mailto:INFO@HUMANAMENTIS.COM\" style=\"color: #ffffff;\">info@humanamentis.com<\/a><\/span><\/p>\n<p>&nbsp;<\/p>\n<p>[\/et_pb_blurb][\/et_pb_column][\/et_pb_row][et_pb_row disabled_on=\u00bboff|off|off\u00bb admin_label=\u00bbSocial Media\u00bb _builder_version=\u00bb4.16&#8243; _module_preset=\u00bbdefault\u00bb custom_margin=\u00bb30px|||\u00bb custom_padding=\u00bb0|0px|27px|0px|false|false\u00bb global_colors_info=\u00bb{}\u00bb][et_pb_column type=\u00bb4_4&#8243; _builder_version=\u00bb4.16&#8243; _module_preset=\u00bbdefault\u00bb custom_padding=\u00bb|||\u00bb global_colors_info=\u00bb{}\u00bb custom_padding__hover=\u00bb|||\u00bb][et_pb_social_media_follow _builder_version=\u00bb4.17.4&#8243; _module_preset=\u00bbdefault\u00bb text_orientation=\u00bbcenter\u00bb global_colors_info=\u00bb{}\u00bb][et_pb_social_media_follow_network social_network=\u00bbfacebook\u00bb url=\u00bbhttps:\/\/www.facebook.com\/people\/Humanamentis\/100094504802982\/\u00bb _builder_version=\u00bb4.17.4&#8243; _module_preset=\u00bbdefault\u00bb background_color=\u00bb#88C4DD\u00bb background_enable_color=\u00bbon\u00bb custom_margin=\u00bb|8px||8px\u00bb custom_padding=\u00bb14px|14px|14px|14px\u00bb border_radii=\u00bbon|100px|100px|100px|100px\u00bb global_colors_info=\u00bb{}\u00bb follow_button=\u00bboff\u00bb url_new_window=\u00bbon\u00bb]facebook[\/et_pb_social_media_follow_network][et_pb_social_media_follow_network social_network=\u00bbyoutube\u00bb url=\u00bbhttps:\/\/www.youtube.com\/channel\/UCQlbohONm_Os_dBbO50r1aw\u00bb _builder_version=\u00bb4.17.4&#8243; _module_preset=\u00bbdefault\u00bb background_color=\u00bb#88C4DD\u00bb background_enable_color=\u00bbon\u00bb custom_margin=\u00bb|8px||8px\u00bb custom_padding=\u00bb14px|14px|14px|14px\u00bb border_radii=\u00bbon|100px|100px|100px|100px\u00bb global_colors_info=\u00bb{}\u00bb follow_button=\u00bboff\u00bb url_new_window=\u00bbon\u00bb]youtube[\/et_pb_social_media_follow_network][et_pb_social_media_follow_network social_network=\u00bbinstagram\u00bb url=\u00bbhttps:\/\/www.instagram.com\/psicologia_humanamentis?igsh=MXN1bzZtYnd1ZzVnMA%3D%3D&#038;utm_source=qr\u00bb _builder_version=\u00bb4.17.4&#8243; _module_preset=\u00bbdefault\u00bb background_color=\u00bb#88C4DD\u00bb background_enable_color=\u00bbon\u00bb custom_margin=\u00bb|8px||8px\u00bb custom_padding=\u00bb14px|14px|14px|14px\u00bb border_radii=\u00bbon|100px|100px|100px|100px\u00bb global_colors_info=\u00bb{}\u00bb follow_button=\u00bboff\u00bb url_new_window=\u00bbon\u00bb]instagram[\/et_pb_social_media_follow_network][et_pb_social_media_follow_network social_network=\u00bbtiktok\u00bb _builder_version=\u00bb4.17.4&#8243; _module_preset=\u00bbdefault\u00bb background_color=\u00bb#88C4DD\u00bb background_enable_color=\u00bbon\u00bb custom_margin=\u00bb|8px||8px\u00bb custom_padding=\u00bb14px|14px|14px|14px\u00bb border_radii=\u00bbon|100px|100px|100px|100px\u00bb global_colors_info=\u00bb{}\u00bb follow_button=\u00bboff\u00bb url_new_window=\u00bbon\u00bb]tiktok[\/et_pb_social_media_follow_network][et_pb_social_media_follow_network social_network=\u00bblinkedin\u00bb url=\u00bbhttps:\/\/www.linkedin.com\/in\/erika-torres-07a12b203\/\u00bb _builder_version=\u00bb4.17.4&#8243; _module_preset=\u00bbdefault\u00bb background_color=\u00bb#88C4DD\u00bb background_enable_color=\u00bbon\u00bb custom_margin=\u00bb|8px||8px\u00bb custom_padding=\u00bb14px|14px|14px|14px\u00bb border_radii=\u00bbon|100px|100px|100px|100px\u00bb global_colors_info=\u00bb{}\u00bb follow_button=\u00bboff\u00bb url_new_window=\u00bbon\u00bb]linkedin[\/et_pb_social_media_follow_network][\/et_pb_social_media_follow][\/et_pb_column][\/et_pb_row][\/et_pb_section]<\/p>\n","protected":false},"excerpt":{"rendered":"<p>\u00a0Ser un centro l\u00edder en salud mental que transforma vidas a trav\u00e9s de una atenci\u00f3n humananizada , inclusiva y basada en la ciencia. En Humanamentis, aspiramos a ser un espacio de confianza y apoyo donde cada persona encuentre el camino hacia su bienestar emocional, psicol\u00f3gico y fisico. Trabajamos para inspirar y empoderar a nuestra comunidad, [&hellip;]<\/p>\n","protected":false},"author":1,"featured_media":0,"parent":0,"menu_order":0,"comment_status":"closed","ping_status":"closed","template":"","meta":{"_et_pb_use_builder":"on","_et_pb_old_content":"","_et_gb_content_width":"","footnotes":""},"class_list":["post-120","page","type-page","status-publish","hentry"],"_links":{"self":[{"href":"https:\/\/humanamentis.com\/index.php?rest_route=\/wp\/v2\/pages\/120","targetHints":{"allow":["GET"]}}],"collection":[{"href":"https:\/\/humanamentis.com\/index.php?rest_route=\/wp\/v2\/pages"}],"about":[{"href":"https:\/\/humanamentis.com\/index.php?rest_route=\/wp\/v2\/types\/page"}],"author":[{"embeddable":true,"href":"https:\/\/humanamentis.com\/index.php?rest_route=\/wp\/v2\/users\/1"}],"replies":[{"embeddable":true,"href":"https:\/\/humanamentis.com\/index.php?rest_route=%2Fwp%2Fv2%2Fcomments&post=120"}],"version-history":[{"count":12,"href":"https:\/\/humanamentis.com\/index.php?rest_route=\/wp\/v2\/pages\/120\/revisions"}],"predecessor-version":[{"id":321,"href":"https:\/\/humanamentis.com\/index.php?rest_route=\/wp\/v2\/pages\/120\/revisions\/321"}],"wp:attachment":[{"href":"https:\/\/humanamentis.com\/index.php?rest_route=%2Fwp%2Fv2%2Fmedia&parent=120"}],"curies":[{"name":"wp","href":"https:\/\/api.w.org\/{rel}","templated":true}]}}